{"id":257,"date":"2024-03-13T09:25:51","date_gmt":"2024-03-13T09:25:51","guid":{"rendered":"https:\/\/autoescuelasjulio.es\/?page_id=257"},"modified":"2024-05-14T09:24:48","modified_gmt":"2024-05-14T09:24:48","slug":"secciones","status":"publish","type":"page","link":"https:\/\/autoescuelasjulio.es\/index.php\/secciones\/","title":{"rendered":"Secciones"},"content":{"rendered":"\t\t<div data-elementor-type=\"wp-page\" data-elementor-id=\"257\" class=\"elementor elementor-257\">\n\t\t\t\t<div class=\"elementor-element elementor-element-2137395 e-con-full e-flex wpr-particle-no wpr-jarallax-no wpr-parallax-no wpr-sticky-section-no e-con e-parent\" data-id=\"2137395\" data-element_type=\"container\">\n\t\t\t\t<div class=\"elementor-element elementor-element-8b74477 elementor-widget elementor-widget-spacer\" data-id=\"8b74477\" data-element_type=\"widget\" data-widget_type=\"spacer.default\">\n\t\t\t\t<div class=\"elementor-widget-container\">\n\t\t\t<style>\/*! elementor - v3.21.0 - 08-05-2024 *\/\n.elementor-column .elementor-spacer-inner{height:var(--spacer-size)}.e-con{--container-widget-width:100%}.e-con-inner>.elementor-widget-spacer,.e-con>.elementor-widget-spacer{width:var(--container-widget-width,var(--spacer-size));--align-self:var(--container-widget-align-self,initial);--flex-shrink:0}.e-con-inner>.elementor-widget-spacer>.elementor-widget-container,.e-con>.elementor-widget-spacer>.elementor-widget-container{height:100%;width:100%}.e-con-inner>.elementor-widget-spacer>.elementor-widget-container>.elementor-spacer,.e-con>.elementor-widget-spacer>.elementor-widget-container>.elementor-spacer{height:100%}.e-con-inner>.elementor-widget-spacer>.elementor-widget-container>.elementor-spacer>.elementor-spacer-inner,.e-con>.elementor-widget-spacer>.elementor-widget-container>.elementor-spacer>.elementor-spacer-inner{height:var(--container-widget-height,var(--spacer-size))}.e-con-inner>.elementor-widget-spacer.elementor-widget-empty,.e-con>.elementor-widget-spacer.elementor-widget-empty{position:relative;min-height:22px;min-width:22px}.e-con-inner>.elementor-widget-spacer.elementor-widget-empty .elementor-widget-empty-icon,.e-con>.elementor-widget-spacer.elementor-widget-empty .elementor-widget-empty-icon{position:absolute;top:0;bottom:0;left:0;right:0;margin:auto;padding:0;width:22px;height:22px}<\/style>\t\t<div class=\"elementor-spacer\">\n\t\t\t<div class=\"elementor-spacer-inner\"><\/div>\n\t\t<\/div>\n\t\t\t\t<\/div>\n\t\t\t\t<\/div>\n\t\t\t\t<div class=\"elementor-element elementor-element-b2559d8 animated-slow elementor-invisible elementor-widget elementor-widget-heading\" data-id=\"b2559d8\" data-element_type=\"widget\" data-settings=\"{&quot;_animation&quot;:&quot;fadeInRight&quot;}\" data-widget_type=\"heading.default\">\n\t\t\t\t<div class=\"elementor-widget-container\">\n\t\t\t<style>\/*! elementor - v3.21.0 - 08-05-2024 *\/\n.elementor-heading-title{padding:0;margin:0;line-height:1}.elementor-widget-heading .elementor-heading-title[class*=elementor-size-]>a{color:inherit;font-size:inherit;line-height:inherit}.elementor-widget-heading .elementor-heading-title.elementor-size-small{font-size:15px}.elementor-widget-heading .elementor-heading-title.elementor-size-medium{font-size:19px}.elementor-widget-heading .elementor-heading-title.elementor-size-large{font-size:29px}.elementor-widget-heading .elementor-heading-title.elementor-size-xl{font-size:39px}.elementor-widget-heading .elementor-heading-title.elementor-size-xxl{font-size:59px}<\/style><h2 class=\"elementor-heading-title elementor-size-default\">SOMOS TU AUTOESCUELA<\/h2>\t\t<\/div>\n\t\t\t\t<\/div>\n\t\t\t\t<\/div>\n\t\t<div class=\"elementor-element elementor-element-3dbbc3e e-flex e-con-boxed wpr-particle-no wpr-jarallax-no wpr-parallax-no wpr-sticky-section-no e-con e-parent\" data-id=\"3dbbc3e\" data-element_type=\"container\">\n\t\t\t\t\t<div class=\"e-con-inner\">\n\t\t<div class=\"elementor-element elementor-element-55d2c98 e-con-full animated-slow e-flex wpr-particle-no wpr-jarallax-no wpr-parallax-no wpr-sticky-section-no elementor-invisible e-con e-child\" data-id=\"55d2c98\" data-element_type=\"container\" data-settings=\"{&quot;animation&quot;:&quot;fadeInLeft&quot;}\">\n\t\t\t\t<div class=\"elementor-element elementor-element-f0cd9d7 elementor-widget elementor-widget-image\" data-id=\"f0cd9d7\" data-element_type=\"widget\" data-widget_type=\"image.default\">\n\t\t\t\t<div class=\"elementor-widget-container\">\n\t\t\t<style>\/*! elementor - v3.21.0 - 08-05-2024 *\/\n.elementor-widget-image{text-align:center}.elementor-widget-image a{display:inline-block}.elementor-widget-image a img[src$=\".svg\"]{width:48px}.elementor-widget-image img{vertical-align:middle;display:inline-block}<\/style>\t\t\t\t\t\t\t<figure class=\"wp-caption\">\n\t\t\t\t\t\t\t\t\t\t\t<a href=\"https:\/\/www.google.com\/maps\/place\/Julio+Rosique\/@37.6067564,-0.9743807,16z\/data=!4m6!3m5!1s0xd63418e67b902a3:0xa1523915a85fda96!8m2!3d37.6067564!4d-0.9743807!16s%2Fg%2F1q5bp_8ql?entry=ttu\" target=\"_blank\">\n\t\t\t\t\t\t\t<img fetchpriority=\"high\" decoding=\"async\" width=\"640\" height=\"356\" src=\"https:\/\/autoescuelasjulio.es\/wp-content\/uploads\/2024\/03\/plaza-alicante.png\" class=\"attachment-large size-large wp-image-584\" alt=\"\" srcset=\"https:\/\/autoescuelasjulio.es\/wp-content\/uploads\/2024\/03\/plaza-alicante.png 640w, https:\/\/autoescuelasjulio.es\/wp-content\/uploads\/2024\/03\/plaza-alicante-300x167.png 300w\" sizes=\"(max-width: 640px) 100vw, 640px\" \/>\t\t\t\t\t\t\t\t<\/a>\n\t\t\t\t\t\t\t\t\t\t\t<figcaption class=\"widget-image-caption wp-caption-text\">SECCI\u00d3N 1<\/figcaption>\n\t\t\t\t\t\t\t\t\t\t<\/figure>\n\t\t\t\t\t\t\t<\/div>\n\t\t\t\t<\/div>\n\t\t\t\t<div class=\"elementor-element elementor-element-5fb6152 elementor-widget elementor-widget-text-editor\" data-id=\"5fb6152\" data-element_type=\"widget\" data-widget_type=\"text-editor.default\">\n\t\t\t\t<div class=\"elementor-widget-container\">\n\t\t\t<style>\/*! elementor - v3.21.0 - 08-05-2024 *\/\n.elementor-widget-text-editor.elementor-drop-cap-view-stacked .elementor-drop-cap{background-color:#69727d;color:#fff}.elementor-widget-text-editor.elementor-drop-cap-view-framed .elementor-drop-cap{color:#69727d;border:3px solid;background-color:transparent}.elementor-widget-text-editor:not(.elementor-drop-cap-view-default) .elementor-drop-cap{margin-top:8px}.elementor-widget-text-editor:not(.elementor-drop-cap-view-default) .elementor-drop-cap-letter{width:1em;height:1em}.elementor-widget-text-editor .elementor-drop-cap{float:left;text-align:center;line-height:1;font-size:50px}.elementor-widget-text-editor .elementor-drop-cap-letter{display:inline-block}<\/style>\t\t\t\t<p><strong><img decoding=\"async\" class=\"wp-image-1383 aligncenter\" src=\"https:\/\/autoescuelasjulio.es\/wp-content\/uploads\/2024\/04\/icons8-marcador-100.png\" alt=\"\" width=\"45\" height=\"45\" \/><a href=\"https:\/\/www.google.com\/maps\/place\/Julio+Rosique\/@37.6067564,-0.9743807,16z\/data=!4m6!3m5!1s0xd63418e67b902a3:0xa1523915a85fda96!8m2!3d37.6067564!4d-0.9743807!16s%2Fg%2F1q5bp_8ql?entry=ttu\" target=\"_blank\" rel=\"noopener\">Avda. Pintor Portela<\/a><\/strong><br \/>(Esquina Plaza Alicante) &#8211; Cartagena<br \/>+34 968 50 99 60<br \/><a href=\"mailto:info@autoescuelasjulio.com\" target=\"_blank\" rel=\"noopener\">info@autoescuelasjulio.com<\/a><\/p>\t\t\t\t\t\t<\/div>\n\t\t\t\t<\/div>\n\t\t\t\t<\/div>\n\t\t\t\t<div class=\"elementor-element elementor-element-e06772d elementor-widget elementor-widget-spacer\" data-id=\"e06772d\" data-element_type=\"widget\" data-widget_type=\"spacer.default\">\n\t\t\t\t<div class=\"elementor-widget-container\">\n\t\t\t\t\t<div class=\"elementor-spacer\">\n\t\t\t<div class=\"elementor-spacer-inner\"><\/div>\n\t\t<\/div>\n\t\t\t\t<\/div>\n\t\t\t\t<\/div>\n\t\t<div class=\"elementor-element elementor-element-ed7c08c e-con-full animated-slow e-flex wpr-particle-no wpr-jarallax-no wpr-parallax-no wpr-sticky-section-no elementor-invisible e-con e-child\" data-id=\"ed7c08c\" data-element_type=\"container\" data-settings=\"{&quot;animation&quot;:&quot;fadeInRight&quot;}\">\n\t\t\t\t<div class=\"elementor-element elementor-element-ebbcfef elementor-widget elementor-widget-image\" data-id=\"ebbcfef\" data-element_type=\"widget\" data-widget_type=\"image.default\">\n\t\t\t\t<div class=\"elementor-widget-container\">\n\t\t\t\t\t\t\t\t\t\t<figure class=\"wp-caption\">\n\t\t\t\t\t\t\t\t\t\t\t<a href=\"https:\/\/www.google.es\/maps\/place\/AUTOESCUELAS+JULIO+ROSIQUE\/@37.6119057,-1.0421219,17z\/data=!4m6!3m5!1s0xd6343b4f9a2a413:0x97c9e94b2492debf!8m2!3d37.6119835!4d-1.0392622!16s%2Fg%2F11mvg15tbx?entry=ttu\" target=\"_blank\">\n\t\t\t\t\t\t\t<img decoding=\"async\" src=\"https:\/\/autoescuelasjulio.es\/wp-content\/uploads\/elementor\/thumbs\/WhatsApp-Image-2024-05-13-at-10.54.33-qo53fpqi9imatgg2nj82d2jpgavtz3kfw8ukksqheq.jpeg\" title=\"WhatsApp Image 2024-05-13 at 10.54.33\" alt=\"WhatsApp Image 2024-05-13 at 10.54.33\" loading=\"lazy\" \/>\t\t\t\t\t\t\t\t<\/a>\n\t\t\t\t\t\t\t\t\t\t\t<figcaption class=\"widget-image-caption wp-caption-text\">SECCI\u00d3N 2<\/figcaption>\n\t\t\t\t\t\t\t\t\t\t<\/figure>\n\t\t\t\t\t\t\t<\/div>\n\t\t\t\t<\/div>\n\t\t\t\t<div class=\"elementor-element elementor-element-8481204 elementor-widget elementor-widget-text-editor\" data-id=\"8481204\" data-element_type=\"widget\" data-widget_type=\"text-editor.default\">\n\t\t\t\t<div class=\"elementor-widget-container\">\n\t\t\t\t\t\t\t<p><strong><img decoding=\"async\" class=\"wp-image-1383 aligncenter\" src=\"https:\/\/autoescuelasjulio.es\/wp-content\/uploads\/2024\/04\/icons8-marcador-100.png\" alt=\"\" width=\"45\" height=\"45\" \/><a href=\"https:\/\/www.google.es\/maps\/place\/AUTOESCUELAS+JULIO+ROSIQUE\/@37.6119057,-1.0421219,17z\/data=!4m6!3m5!1s0xd6343b4f9a2a413:0x97c9e94b2492debf!8m2!3d37.6119835!4d-1.0392622!16s%2Fg%2F11mvg15tbx?entry=ttu\" target=\"_blank\" rel=\"noopener\">Calle Mayor, 17<\/a><\/strong><br \/>Canteras<br \/>+34 968 162 340<br \/><a href=\"mailto:info@autoescuelasjulio.com\" target=\"_blank\" rel=\"noopener\">info@autoescuelasjulio.com<\/a><\/p>\t\t\t\t\t\t<\/div>\n\t\t\t\t<\/div>\n\t\t\t\t<\/div>\n\t\t\t\t\t<\/div>\n\t\t\t\t<\/div>\n\t\t<div class=\"elementor-element elementor-element-f974d5f animated-slow e-flex e-con-boxed wpr-particle-no wpr-jarallax-no wpr-parallax-no wpr-sticky-section-no e-con e-parent\" data-id=\"f974d5f\" data-element_type=\"container\" data-settings=\"{&quot;animation&quot;:&quot;none&quot;}\">\n\t\t\t\t\t<div class=\"e-con-inner\">\n\t\t<div class=\"elementor-element elementor-element-01f555f e-con-full animated-slow e-flex wpr-particle-no wpr-jarallax-no wpr-parallax-no wpr-sticky-section-no elementor-invisible e-con e-child\" data-id=\"01f555f\" data-element_type=\"container\" data-settings=\"{&quot;animation&quot;:&quot;fadeInLeft&quot;}\">\n\t\t\t\t<div class=\"elementor-element elementor-element-0e3cdf4 elementor-widget elementor-widget-image\" data-id=\"0e3cdf4\" data-element_type=\"widget\" data-widget_type=\"image.default\">\n\t\t\t\t<div class=\"elementor-widget-container\">\n\t\t\t\t\t\t\t\t\t\t<figure class=\"wp-caption\">\n\t\t\t\t\t\t\t\t\t\t\t<a href=\"https:\/\/www.google.es\/maps\/place\/AUTOESCUELAS+JULIO+ROSIQUE\/@37.6091056,-0.9909082,17z\/data=!3m1!4b1!4m6!3m5!1s0xd63422337981897:0x9bc42269ceb3e42f!8m2!3d37.6091056!4d-0.9909082!16s%2Fg%2F11b75p2_0j?entry=ttu\" target=\"_blank\">\n\t\t\t\t\t\t\t<img decoding=\"async\" width=\"640\" height=\"356\" src=\"https:\/\/autoescuelasjulio.es\/wp-content\/uploads\/2024\/03\/ramon-y-cajal.png\" class=\"attachment-large size-large wp-image-585\" alt=\"\" srcset=\"https:\/\/autoescuelasjulio.es\/wp-content\/uploads\/2024\/03\/ramon-y-cajal.png 640w, https:\/\/autoescuelasjulio.es\/wp-content\/uploads\/2024\/03\/ramon-y-cajal-300x167.png 300w\" sizes=\"(max-width: 640px) 100vw, 640px\" \/>\t\t\t\t\t\t\t\t<\/a>\n\t\t\t\t\t\t\t\t\t\t\t<figcaption class=\"widget-image-caption wp-caption-text\">SECCI\u00d3N 3<\/figcaption>\n\t\t\t\t\t\t\t\t\t\t<\/figure>\n\t\t\t\t\t\t\t<\/div>\n\t\t\t\t<\/div>\n\t\t\t\t<div class=\"elementor-element elementor-element-dfd4fe8 elementor-widget elementor-widget-text-editor\" data-id=\"dfd4fe8\" data-element_type=\"widget\" data-widget_type=\"text-editor.default\">\n\t\t\t\t<div class=\"elementor-widget-container\">\n\t\t\t\t\t\t\t<p><strong><img decoding=\"async\" class=\"wp-image-1383 aligncenter\" src=\"https:\/\/autoescuelasjulio.es\/wp-content\/uploads\/2024\/04\/icons8-marcador-100.png\" alt=\"\" width=\"45\" height=\"45\" \/><a href=\"https:\/\/www.google.es\/maps\/place\/AUTOESCUELAS+JULIO+ROSIQUE\/@37.6091056,-0.9909082,17z\/data=!3m1!4b1!4m6!3m5!1s0xd63422337981897:0x9bc42269ceb3e42f!8m2!3d37.6091056!4d-0.9909082!16s%2Fg%2F11b75p2_0j?entry=ttu\" target=\"_blank\" rel=\"noopener\">Calle Ramon y Cajal, 14<\/a><br \/><\/strong>Cartagena<br \/>+34 968 503 199<br \/><a href=\"mailto:info@autoescuelasjulio.com\" target=\"_blank\" rel=\"noopener\">info@autoescuelasjulio.com<\/a><\/p>\t\t\t\t\t\t<\/div>\n\t\t\t\t<\/div>\n\t\t\t\t<\/div>\n\t\t<div class=\"elementor-element elementor-element-e93d9c8 e-con-full animated-slow e-flex wpr-particle-no wpr-jarallax-no wpr-parallax-no wpr-sticky-section-no elementor-invisible e-con e-child\" data-id=\"e93d9c8\" data-element_type=\"container\" data-settings=\"{&quot;animation&quot;:&quot;fadeInRight&quot;}\">\n\t\t\t\t<div class=\"elementor-element elementor-element-5b6c221 elementor-widget elementor-widget-image\" data-id=\"5b6c221\" data-element_type=\"widget\" data-widget_type=\"image.default\">\n\t\t\t\t<div class=\"elementor-widget-container\">\n\t\t\t\t\t\t\t\t\t\t<figure class=\"wp-caption\">\n\t\t\t\t\t\t\t\t\t\t\t<a href=\"https:\/\/www.google.es\/maps\/place\/C.+Paz+de+Belgrado,+30300+Cartagena,+Murcia\/@37.6269087,-0.9838222,19z\/data=!4m6!3m5!1s0xd634202611fb87f:0xc70474a4627842da!8m2!3d37.6267558!4d-0.9830962!16s%2Fg%2F11xljl6k9?entry=ttu\" target=\"_blank\">\n\t\t\t\t\t\t\t<img loading=\"lazy\" decoding=\"async\" width=\"640\" height=\"356\" src=\"https:\/\/autoescuelasjulio.es\/wp-content\/uploads\/2024\/03\/barrio-peral-1.png\" class=\"attachment-large size-large wp-image-582\" alt=\"\" srcset=\"https:\/\/autoescuelasjulio.es\/wp-content\/uploads\/2024\/03\/barrio-peral-1.png 640w, https:\/\/autoescuelasjulio.es\/wp-content\/uploads\/2024\/03\/barrio-peral-1-300x167.png 300w\" sizes=\"(max-width: 640px) 100vw, 640px\" \/>\t\t\t\t\t\t\t\t<\/a>\n\t\t\t\t\t\t\t\t\t\t\t<figcaption class=\"widget-image-caption wp-caption-text\">SECCI\u00d3N 4<\/figcaption>\n\t\t\t\t\t\t\t\t\t\t<\/figure>\n\t\t\t\t\t\t\t<\/div>\n\t\t\t\t<\/div>\n\t\t\t\t<div class=\"elementor-element elementor-element-dae42ab elementor-widget elementor-widget-text-editor\" data-id=\"dae42ab\" data-element_type=\"widget\" data-widget_type=\"text-editor.default\">\n\t\t\t\t<div class=\"elementor-widget-container\">\n\t\t\t\t\t\t\t<p><strong><img decoding=\"async\" class=\"wp-image-1383 aligncenter\" src=\"https:\/\/autoescuelasjulio.es\/wp-content\/uploads\/2024\/04\/icons8-marcador-100.png\" alt=\"\" width=\"45\" height=\"45\" \/><a href=\"https:\/\/www.google.es\/maps\/place\/C.+Paz+de+Belgrado,+30300+Cartagena,+Murcia\/@37.6269087,-0.9838222,19z\/data=!4m6!3m5!1s0xd634202611fb87f:0xc70474a4627842da!8m2!3d37.6267558!4d-0.9830962!16s%2Fg%2F11xljl6k9?entry=ttu\" target=\"_blank\" rel=\"noopener\">Calle Paz de Belgrado<\/a><\/strong><br \/>Resd. Dubl\u00edn &#8211; Bda. Jos\u00e9 M\u00aaPuerta<br \/>+34 968 316 097<br \/><a href=\"mailto:info@autoescuelasjulio.com\" target=\"_blank\" rel=\"noopener\">info@autoescuelasjulio.com<\/a><\/p>\t\t\t\t\t\t<\/div>\n\t\t\t\t<\/div>\n\t\t\t\t<\/div>\n\t\t\t\t\t<\/div>\n\t\t\t\t<\/div>\n\t\t<div class=\"elementor-element elementor-element-c11dfe8 e-flex e-con-boxed wpr-particle-no wpr-jarallax-no wpr-parallax-no wpr-sticky-section-no e-con e-parent\" data-id=\"c11dfe8\" data-element_type=\"container\">\n\t\t\t\t\t<div class=\"e-con-inner\">\n\t\t\t\t<div class=\"elementor-element elementor-element-419b281 elementor-widget elementor-widget-heading\" data-id=\"419b281\" data-element_type=\"widget\" data-widget_type=\"heading.default\">\n\t\t\t\t<div class=\"elementor-widget-container\">\n\t\t\t<h2 class=\"elementor-heading-title elementor-size-default\">Ponte en contacto con nosotros<\/h2>\t\t<\/div>\n\t\t\t\t<\/div>\n\t\t\t\t<div class=\"elementor-element elementor-element-187bc8c elementor-widget elementor-widget-shortcode\" data-id=\"187bc8c\" data-element_type=\"widget\" data-widget_type=\"shortcode.default\">\n\t\t\t\t<div class=\"elementor-widget-container\">\n\t\t\t\t\t<div class=\"elementor-shortcode\"><div class=\"wpforms-container wpforms-container-full wpforms-render-modern\" id=\"wpforms-626\"><form id=\"wpforms-form-626\" class=\"wpforms-validate wpforms-form wpforms-ajax-form\" data-formid=\"626\" method=\"post\" enctype=\"multipart\/form-data\" action=\"\/index.php\/wp-json\/wp\/v2\/pages\/257\" data-token=\"437f5a83760da32e4f3e06b85a5f4a15\" data-token-time=\"1776603141\"><noscript class=\"wpforms-error-noscript\">Por favor, activa JavaScript en tu navegador para completar este formulario.<\/noscript><div class=\"wpforms-hidden\" id=\"wpforms-error-noscript\">Por favor, activa JavaScript en tu navegador para completar este formulario.<\/div><div class=\"wpforms-field-container\"><div id=\"wpforms-626-field_0-container\" class=\"wpforms-field wpforms-field-name\" data-field-id=\"0\"><fieldset><legend class=\"wpforms-field-label\">Nombre <span class=\"wpforms-required-label\" aria-hidden=\"true\">*<\/span><\/legend><div class=\"wpforms-field-row wpforms-field-medium\"><div class=\"wpforms-field-row-block wpforms-first wpforms-one-half\"><input type=\"text\" id=\"wpforms-626-field_0\" class=\"wpforms-field-name-first wpforms-field-required\" name=\"wpforms[fields][0][first]\" aria-errormessage=\"wpforms-626-field_0-error\" required><label for=\"wpforms-626-field_0\" class=\"wpforms-field-sublabel after \">Nombre<\/label><\/div><div class=\"wpforms-field-row-block wpforms-one-half\"><input type=\"text\" id=\"wpforms-626-field_0-last\" class=\"wpforms-field-name-last wpforms-field-required\" name=\"wpforms[fields][0][last]\" aria-errormessage=\"wpforms-626-field_0-last-error\" required><label for=\"wpforms-626-field_0-last\" class=\"wpforms-field-sublabel after \">Apellidos<\/label><\/div><\/div><\/fieldset><\/div><div id=\"wpforms-626-field_1-container\" class=\"wpforms-field wpforms-field-email\" data-field-id=\"1\"><label class=\"wpforms-field-label\" for=\"wpforms-626-field_1\">Correo electr\u00f3nico <span class=\"wpforms-required-label\" aria-hidden=\"true\">*<\/span><\/label><input type=\"email\" id=\"wpforms-626-field_1\" class=\"wpforms-field-medium wpforms-field-required\" name=\"wpforms[fields][1]\" spellcheck=\"false\" aria-errormessage=\"wpforms-626-field_1-error\" required><\/div><div id=\"wpforms-626-field_2-container\" class=\"wpforms-field wpforms-field-textarea\" data-field-id=\"2\"><label class=\"wpforms-field-label\" for=\"wpforms-626-field_2\">Comentario o mensaje<\/label><textarea id=\"wpforms-626-field_2\" class=\"wpforms-field-medium\" name=\"wpforms[fields][2]\" aria-errormessage=\"wpforms-626-field_2-error\" ><\/textarea><\/div><div id=\"wpforms-626-field_3-container\" class=\"wpforms-field wpforms-field-gdpr-checkbox\" data-field-id=\"3\"><label class=\"wpforms-field-label\">Acuerdo RGPD <span class=\"wpforms-required-label\" aria-hidden=\"true\">*<\/span><\/label><ul id=\"wpforms-626-field_3\" class=\"wpforms-field-required\"><li class=\"choice-1\"><input type=\"checkbox\" id=\"wpforms-626-field_3_1\" name=\"wpforms[fields][3][]\" value=\"Doy mi consentimiento para que esta web almacene la informaci\u00f3n que env\u00edo para que puedan responder a mi petici\u00f3n. &lt;a href=&quot;https:\/\/autoescuelasjulio.es\/index.php\/politica-de-privacidad\/&quot;&gt;P\u00f3litica de Privacidad&lt;\/a&gt;\" aria-errormessage=\"wpforms-626-field_3_1-error\" required ><label class=\"wpforms-field-label-inline\" for=\"wpforms-626-field_3_1\">Doy mi consentimiento para que esta web almacene la informaci\u00f3n que env\u00edo para que puedan responder a mi petici\u00f3n. <a href=\"https:\/\/autoescuelasjulio.es\/index.php\/politica-de-privacidad\/\">P\u00f3litica de Privacidad<\/a><\/label><\/li><\/ul><\/div><\/div><!-- .wpforms-field-container --><div class=\"wpforms-recaptcha-container wpforms-is-hcaptcha\" ><div class=\"g-recaptcha\" data-sitekey=\"0a8578a4-3529-4bc3-8b57-cabab9d655ea\"><\/div><input type=\"text\" name=\"g-recaptcha-hidden\" class=\"wpforms-recaptcha-hidden\" style=\"position:absolute!important;clip:rect(0,0,0,0)!important;height:1px!important;width:1px!important;border:0!important;overflow:hidden!important;padding:0!important;margin:0!important;\" data-rule-hcaptcha=\"1\"><\/div><div class=\"wpforms-submit-container\" ><input type=\"hidden\" name=\"wpforms[id]\" value=\"626\"><input type=\"hidden\" name=\"page_title\" value=\"\"><input type=\"hidden\" name=\"page_url\" value=\"https:\/\/autoescuelasjulio.es\/index.php\/wp-json\/wp\/v2\/pages\/257\"><button type=\"submit\" name=\"wpforms[submit]\" id=\"wpforms-submit-626\" class=\"wpforms-submit\" data-alt-text=\"Enviando...\" data-submit-text=\"Enviar\" aria-live=\"assertive\" value=\"wpforms-submit\">Enviar<\/button><img loading=\"lazy\" decoding=\"async\" src=\"https:\/\/autoescuelasjulio.es\/wp-content\/plugins\/wpforms-lite\/assets\/images\/submit-spin.svg\" class=\"wpforms-submit-spinner\" style=\"display: none;\" width=\"26\" height=\"26\" alt=\"Cargando\"><\/div><\/form><\/div>  <!-- .wpforms-container --><\/div>\n\t\t\t\t<\/div>\n\t\t\t\t<\/div>\n\t\t\t\t\t<\/div>\n\t\t\t\t<\/div>\n\t\t\t\t<\/div>\n\t\t","protected":false},"excerpt":{"rendered":"<p>SOMOS TU AUTOESCUELA SECCI\u00d3N 1 Avda. Pintor Portela(Esquina Plaza Alicante) &#8211; Cartagena+34 968 50 99 60info@autoescuelasjulio.com SECCI\u00d3N 2 Calle Mayor, [&hellip;]<\/p>\n","protected":false},"author":1,"featured_media":0,"parent":0,"menu_order":0,"comment_status":"closed","ping_status":"closed","template":"","meta":{"site-sidebar-layout":"no-sidebar","site-content-layout":"","ast-site-content-layout":"full-width-container","site-content-style":"default","site-sidebar-style":"default","ast-global-header-display":"","ast-banner-title-visibility":"","ast-main-header-display":"","ast-hfb-above-header-display":"","ast-hfb-below-header-display":"","ast-hfb-mobile-header-display":"","site-post-title":"disabled","ast-breadcrumbs-content":"","ast-featured-img":"disabled","footer-sml-layout":"","theme-transparent-header-meta":"","adv-header-id-meta":"","stick-header-meta":"","header-above-stick-meta":"","header-main-stick-meta":"","header-below-stick-meta":"","astra-migrate-meta-layouts":"default","ast-page-background-enabled":"default","ast-page-background-meta":{"desktop":{"background-color":"var(--ast-global-color-4)","background-image":"","background-repeat":"repeat","background-position":"center center","background-size":"auto","background-attachment":"scroll","background-type":"","background-media":"","overlay-type":"","overlay-color":"","overlay-gradient":""},"tablet":{"background-color":"","background-image":"","background-repeat":"repeat","background-position":"center center","background-size":"auto","background-attachment":"scroll","background-type":"","background-media":"","overlay-type":"","overlay-color":"","overlay-gradient":""},"mobile":{"background-color":"","background-image":"","background-repeat":"repeat","background-position":"center center","background-size":"auto","background-attachment":"scroll","background-type":"","background-media":"","overlay-type":"","overlay-color":"","overlay-gradient":""}},"ast-content-background-meta":{"desktop":{"background-color":"var(--ast-global-color-5)","background-image":"","background-repeat":"repeat","background-position":"center center","background-size":"auto","background-attachment":"scroll","background-type":"","background-media":"","overlay-type":"","overlay-color":"","overlay-gradient":""},"tablet":{"background-color":"var(--ast-global-color-5)","background-image":"","background-repeat":"repeat","background-position":"center center","background-size":"auto","background-attachment":"scroll","background-type":"","background-media":"","overlay-type":"","overlay-color":"","overlay-gradient":""},"mobile":{"background-color":"var(--ast-global-color-5)","background-image":"","background-repeat":"repeat","background-position":"center center","background-size":"auto","background-attachment":"scroll","background-type":"","background-media":"","overlay-type":"","overlay-color":"","overlay-gradient":""}},"_joinchat":[],"footnotes":""},"class_list":["post-257","page","type-page","status-publish","hentry"],"_links":{"self":[{"href":"https:\/\/autoescuelasjulio.es\/index.php\/wp-json\/wp\/v2\/pages\/257","targetHints":{"allow":["GET"]}}],"collection":[{"href":"https:\/\/autoescuelasjulio.es\/index.php\/wp-json\/wp\/v2\/pages"}],"about":[{"href":"https:\/\/autoescuelasjulio.es\/index.php\/wp-json\/wp\/v2\/types\/page"}],"author":[{"embeddable":true,"href":"https:\/\/autoescuelasjulio.es\/index.php\/wp-json\/wp\/v2\/users\/1"}],"replies":[{"embeddable":true,"href":"https:\/\/autoescuelasjulio.es\/index.php\/wp-json\/wp\/v2\/comments?post=257"}],"version-history":[{"count":97,"href":"https:\/\/autoescuelasjulio.es\/index.php\/wp-json\/wp\/v2\/pages\/257\/revisions"}],"predecessor-version":[{"id":1833,"href":"https:\/\/autoescuelasjulio.es\/index.php\/wp-json\/wp\/v2\/pages\/257\/revisions\/1833"}],"wp:attachment":[{"href":"https:\/\/autoescuelasjulio.es\/index.php\/wp-json\/wp\/v2\/media?parent=257"}],"curies":[{"name":"wp","href":"https:\/\/api.w.org\/{rel}","templated":true}]}}